{"id":372,"date":"2024-02-09T12:43:15","date_gmt":"2024-02-09T12:43:15","guid":{"rendered":"https:\/\/peluqueriaguardamar.com\/?page_id=372"},"modified":"2024-02-09T12:43:15","modified_gmt":"2024-02-09T12:43:15","slug":"aviso-legal","status":"publish","type":"page","link":"https:\/\/peluqueriaguardamar.com\/en\/aviso-legal\/","title":{"rendered":"Aviso Legal"},"content":{"rendered":"<p style=\"text-align: justify;\">El presente Aviso Legal regula las condiciones generales de acceso y utilizaci\u00f3n del sitio web accesible en la direcci\u00f3n URL https:\/\/peluqueriaguardamar.com (en adelante, el sitio web), que Peluquer\u00eda Fusi\u00f3n pone a disposici\u00f3n de los usuarios de Internet.<br \/>\nLa utilizaci\u00f3n del sitio web implica la aceptaci\u00f3n plena y sin reservas de todas y cada una de las disposiciones incluidas en este Aviso Legal. En consecuencia, el usuario del sitio web debe leer atentamente el presente Aviso Legal en cada una de las ocasiones en que se proponga utilizar la web, ya que el texto podr\u00ed\u00ada sufrir modificaciones a criterio del titular de la web, o a causa de un cambio legislativo, jurisprudencial o en la pr\u00e1ctica empresarial.<\/p>\n<h3 style=\"text-align: justify;\">1.- TITULARIDAD DEL SITIO WEB.<\/h3>\n<p style=\"text-align: justify;\">Raz\u00f3n Social de la Empresa: Peluquer\u00eda Fusi\u00f3n<br \/>\nNombre del titular: Eduardo Mart\u00ednez<br \/>\nDomicilio social: C\/ Cartagena, 24<br \/>\nPoblaci\u00f3n: Guardamar del Segura<br \/>\nProvincia: Alicante<br \/>\nC.P.: 03140<br \/>\nC.I.F.\/D.N.I.: B42654293<br \/>\nTel\u00e9fono de contacto: 695 86 82 32<br \/>\nCorreo electr\u00f3nico: info@peluqueriafusion.com<\/p>\n<h3 style=\"text-align: justify;\">2.- OBJETO.<\/h3>\n<p style=\"text-align: justify;\">El sitio web facilita a los usuarios del mismo el acceso a informaci\u00f3n y servicios prestados por Peluquer\u00eda Fusi\u00f3n a aquellas personas u organizaciones interesadas en los mismos.<\/p>\n<h3 style=\"text-align: justify;\">3.- ACCESO Y UTILIZACI\u00d3N DE LA WEB.<\/h3>\n<p style=\"text-align: justify;\">3.1.- Car\u00e1cter gratuito del acceso y utilizaci\u00f3n de la web.<br \/>\nEl acceso a la web tiene car\u00e1cter gratuito para los usuarios de la misma.<br \/>\n3.2.- Registro de usuarios.<br \/>\nCon car\u00e1cter general el acceso y utilizaci\u00f3n de la web no exige la previa suscripci\u00f3n o registro de los usuarios de la misma.<\/p>\n<h3 style=\"text-align: justify;\">4.- CONTENIDOS DE LA WEB.<\/h3>\n<p style=\"text-align: justify;\">El idioma utilizado por el titular en la web ser\u00e1 el castellano. Peluquer\u00eda Fusi\u00f3n no se responsabiliza de la no comprensi\u00f3n o entendimiento del idioma de la web por el usuario, ni de sus consecuencias.<br \/>\nPeluquer\u00eda Fusi\u00f3n podr\u00e1 modificar los contenidos sin previo aviso, as\u00ed\u00ad como suprimir y cambiar \u00e9stos dentro de la web, como la forma en que se accede a \u00e9stos, sin justificaci\u00f3n alguna y libremente, no responsabiliz\u00e1ndose de las consecuencias que los mismos puedan ocasionar a los usuarios.<br \/>\nSe proh\u00ed\u00adbe el uso de los contenidos de la web para promocionar, contratar o divulgar publicidad o informaci\u00f3n propia o de terceras personas sin la autorizaci\u00f3n de Peluquer\u00eda Fusi\u00f3n, ni remitir publicidad o informaci\u00f3n vali\u00e9ndose para ello de los servicios o informaci\u00f3n que se ponen a disposici\u00f3n de los usuarios, independientemente de si la utilizaci\u00f3n es gratuita o no.<br \/>\nLos enlaces o hiperenlaces que incorporen terceros en sus p\u00e1ginas web, dirigidos a esta web, ser\u00e1n para la apertura de la p\u00e1gina web completa, no pudiendo manifestar, directa o indirectamente, indicaciones falsas, inexactas o confusas, ni incurrir en acciones desleales o il\u00ed\u00adcitas en contra de Peluquer\u00eda Fusi\u00f3n<\/p>\n<h3 style=\"text-align: justify;\">5.- LIMITACI\u00d3N DE RESPONSABILIDAD.<\/h3>\n<p style=\"text-align: justify;\">Tanto el acceso a la web como el uso inconsentido que pueda efectuarse de la informaci\u00f3n contenida en la misma es de la exclusiva responsabilidad de quien lo realiza. Peluquer\u00eda Fusi\u00f3n no responder\u00e1 de ninguna consecuencia, da\u00f1o o perjuicio que pudieran derivarse de dicho acceso o uso. Peluquer\u00eda Fusi\u00f3n no se hace responsable de los errores de seguridad, que se puedan producir ni de los da\u00f1os que puedan causarse al sistema inform\u00e1tico del usuario (hardware y software), o a los ficheros o documentos almacenados en el mismo, como consecuencia de:<br \/>\n&#8211; la presencia de un virus en el ordenador del usuario que sea utilizado para la conexi\u00f3n a los servicios y contenidos de la web,<br \/>\n&#8211; un mal funcionamiento del navegador,<br \/>\n&#8211; y\/o del uso de versiones no actualizadas del mismo.<br \/>\nPeluquer\u00eda Fusi\u00f3n no se hace responsable de la fiabilidad y rapidez de los hiperenlaces que se incorporen en la web para la apertura de otras. Peluquer\u00eda Fusi\u00f3n no garantiza la utilidad de estos enlaces, ni se responsabiliza de los contenidos o servicios a los que pueda acceder el usuario por medio de estos enlaces, ni del buen funcionamiento de estas webs.<br \/>\nPeluquer\u00eda Fusi\u00f3n no ser\u00e1 responsable de los virus o dem\u00e1s programas inform\u00e1ticos que deterioren o puedan deteriorar los sistemas o equipos inform\u00e1ticos de los usuarios al acceder a su web u otras webs a las que se haya accedido mediante enlaces de esta web.<\/p>\n<h3 style=\"text-align: justify;\">6.- EMPLEO DE LA TECNOLOG\u00cdA \u00abCOOKIE\u00bb.<\/h3>\n<p style=\"text-align: justify;\">La web emplea cookies, puede consultar nuestra Pol\u00ed\u00adtica de Cookies, que respeta en todo momento la confidencialidad e intimidad del mismo.<\/p>\n<h3 style=\"text-align: justify;\">7.- PROPIEDAD INTELECTUAL E INDUSTRIAL.<\/h3>\n<p style=\"text-align: justify;\">Son propiedad de Peluquer\u00eda Fusi\u00f3n, todos los derechos de propiedad industrial e intelectual de la web, as\u00ed\u00ad como de los contenidos que alberga. Cualquier uso de la web o sus contenidos deber\u00e1 tener un car\u00e1cter exclusivamente particular. Est\u00e1 reservado exclusivamente a Peluquer\u00eda Fusi\u00f3n, cualquier otro uso que suponga la copia, reproducci\u00f3n, distribuci\u00f3n, transformaci\u00f3n, comunicaci\u00f3n p\u00fablica o cualquier otra acci\u00f3n similar, de todo o parte de los contenidos de la web, por lo que ning\u00fan usuario podr\u00e1 llevar a cabo estas acciones sin la autorizaci\u00f3n previa y por escrito de Peluquer\u00eda Fusi\u00f3n<\/p>\n<h3 style=\"text-align: justify;\">8.- POL\u00cdTICA DE PRIVACIDAD Y PROTECCION DE DATOS<\/h3>\n<p style=\"text-align: justify;\">Peluquer\u00eda Fusi\u00f3n garantiza la protecci\u00f3n y confidencialidad de los datos personales, de cualquier tipo que nos proporcionen nuestras empresas clientes de acuerdo con lo dispuesto en la Ley Org\u00e1nica 15\/1999, de 13 de Diciembre de Protecci\u00f3n de Datos de Car\u00e1cter Personal.<br \/>\nTodos los datos facilitados por nuestras empresas clientes a Peluquer\u00eda Fusi\u00f3n o a su personal, ser\u00e1n incluidos en un fichero automatizado de datos de car\u00e1cter personal creado y mantenido bajo la responsabilidad de Peluquer\u00eda Fusi\u00f3n, imprescindibles para prestar los servicios solicitados por los usuarios.<br \/>\nLos datos facilitados ser\u00e1n tratados seg\u00fan el Reglamento de Medidas de Seguridad (Real Decreto 1720\/2007 de 21 de Diciembre), en este sentido Peluquer\u00eda Fusi\u00f3n ha adoptado los niveles de protecci\u00f3n que legalmente se exigen, y ha instalado todas las medidas t\u00e9cnicas a su alcance para evitar la perdida, mal uso, alteraci\u00f3n, acceso no autorizado por terceros. No obstante, el usuario debe ser consciente de que las medidas de seguridad en Internet no son inexpugnables. En caso en que considere oportuno que se cedan sus datos de car\u00e1cter personal a otras entidades, el usuario ser\u00e1 informado de los datos cedidos, de la finalidad del fichero y del nombre y direcci\u00f3n del cesionario, para que de su consentimiento inequ\u00ed\u00advoco al respecto.<br \/>\nEn cumplimiento de lo establecido en la RGPD, el usuario podr\u00e1 ejercer sus derechos de acceso, rectificaci\u00f3n, cancelaci\u00f3n y oposici\u00f3n. Para ello debe de contactar con nosotros en info@peluqueriafusion.com<\/p>\n<h3 style=\"text-align: justify;\">9.- LEGISLACI\u00d3N APLICABLE Y JURISDICCI\u00d3N COMPETENTE.<\/h3>\n<p style=\"text-align: justify;\">El presente Aviso Legal se interpretar\u00e1 y regir\u00e1 de conformidad con la legislaci\u00f3n espa\u00f1ola. Peluquer\u00eda Fusi\u00f3n y los usuarios, con renuncia expresa a cualquier otro fuero que pudiera corresponderles, se someten al de los juzgados y tribunales del domicilio del usuario para cualquier controversia que pudiera derivarse del acceso o uso de la web. En el caso de que el usuario tenga su domicilio fuera de Espa\u00f1a, Peluquer\u00eda Fusi\u00f3n y el usuario, se someten, con renuncia expresa a cualquier otro fuero, a los juzgados y tribunales del domicilio de Peluquer\u00eda Fusi\u00f3n<\/p>","protected":false},"excerpt":{"rendered":"<p>El presente Aviso Legal regula las condiciones generales de acceso y utilizaci\u00f3n del sitio web accesible en la direcci\u00f3n URL https:\/\/peluqueriaguardamar.com (en adelante, el sitio web), que Peluquer\u00eda Fusi\u00f3n pone a disposici\u00f3n de los usuarios de Internet. La utilizaci\u00f3n del sitio web implica la aceptaci\u00f3n plena y sin reservas de todas y cada una de [&hellip;]<\/p>","protected":false},"author":3,"featured_media":0,"parent":0,"menu_order":0,"comment_status":"closed","ping_status":"closed","template":"","meta":{"_et_pb_use_builder":"","_et_pb_old_content":"","_et_gb_content_width":"","om_disable_all_campaigns":false,"_joinchat":[],"footnotes":""},"class_list":["post-372","page","type-page","status-publish","hentry"],"aioseo_notices":[],"_links":{"self":[{"href":"https:\/\/peluqueriaguardamar.com\/en\/wp-json\/wp\/v2\/pages\/372","targetHints":{"allow":["GET"]}}],"collection":[{"href":"https:\/\/peluqueriaguardamar.com\/en\/wp-json\/wp\/v2\/pages"}],"about":[{"href":"https:\/\/peluqueriaguardamar.com\/en\/wp-json\/wp\/v2\/types\/page"}],"author":[{"embeddable":true,"href":"https:\/\/peluqueriaguardamar.com\/en\/wp-json\/wp\/v2\/users\/3"}],"replies":[{"embeddable":true,"href":"https:\/\/peluqueriaguardamar.com\/en\/wp-json\/wp\/v2\/comments?post=372"}],"version-history":[{"count":1,"href":"https:\/\/peluqueriaguardamar.com\/en\/wp-json\/wp\/v2\/pages\/372\/revisions"}],"predecessor-version":[{"id":373,"href":"https:\/\/peluqueriaguardamar.com\/en\/wp-json\/wp\/v2\/pages\/372\/revisions\/373"}],"wp:attachment":[{"href":"https:\/\/peluqueriaguardamar.com\/en\/wp-json\/wp\/v2\/media?parent=372"}],"curies":[{"name":"wp","href":"https:\/\/api.w.org\/{rel}","templated":true}]}}