{"id":5,"date":"2020-05-11T15:57:30","date_gmt":"2020-05-11T15:57:30","guid":{"rendered":"https:\/\/peluqueriaguardamar.com\/?page_id=5"},"modified":"2024-10-23T17:42:21","modified_gmt":"2024-10-23T15:42:21","slug":"inicio","status":"publish","type":"page","link":"https:\/\/peluqueriaguardamar.com\/en\/","title":{"rendered":"INICIO"},"content":{"rendered":"<p>[et_pb_section fb_built=\u00bb1&#8243; _builder_version=\u00bb4.3.4&#8243; use_background_color_gradient=\u00bbon\u00bb background_color_gradient_start=\u00bb#000000&#8243; background_color_gradient_end=\u00bb#5b5b5b\u00bb background_color_gradient_direction=\u00bb92deg\u00bb background_color_gradient_start_position=\u00bb28%\u00bb custom_padding=\u00bb0px||0px|||\u00bb global_colors_info=\u00bb{}\u00bb][et_pb_row column_structure=\u00bb1_2,1_2&#8243; make_equal=\u00bbon\u00bb custom_padding_last_edited=\u00bbon|phone\u00bb _builder_version=\u00bb4.3.4&#8243; width=\u00bb100%\u00bb max_width=\u00bb2560px\u00bb custom_margin_tablet=\u00bb\u00bb custom_margin_phone=\u00bb\u00bb custom_margin_last_edited=\u00bbon|tablet\u00bb custom_padding=\u00bb0px||0px|||\u00bb custom_padding_tablet=\u00bb26px||||false|false\u00bb custom_padding_phone=\u00bb\u00bb global_colors_info=\u00bb{}\u00bb][et_pb_column type=\u00bb1_2&#8243; module_class=\u00bbds-vertical-align\u00bb _builder_version=\u00bb4.3.4&#8243; custom_padding=\u00bb|0px||50px|false|false\u00bb custom_padding_tablet=\u00bb|||0px|false|false\u00bb custom_padding_phone=\u00bb\u00bb custom_padding_last_edited=\u00bbon|phone\u00bb global_colors_info=\u00bb{}\u00bb][et_pb_text _builder_version=\u00bb4.10.7&#8243; text_text_color=\u00bb#ffffff\u00bb text_font_size=\u00bb50px\u00bb header_text_color=\u00bb#FFFFFF\u00bb header_font_size=\u00bb27px\u00bb custom_margin=\u00bb||19px|||\u00bb text_font_size_tablet=\u00bb32px\u00bb text_font_size_phone=\u00bb25px\u00bb text_font_size_last_edited=\u00bbon|phone\u00bb text_orientation_tablet=\u00bbcenter\u00bb text_orientation_phone=\u00bbcenter\u00bb text_orientation_last_edited=\u00bbon|tablet\u00bb global_colors_info=\u00bb{}\u00bb]<\/p>\n<h1><strong>Reserva tu Cita en la Mejor Peluquer\u00eda de Alicante<\/strong><\/h1>\n<p><span style=\"font-weight: 400;\"><\/span><\/p>\n<p>No te cortes,<\/p>\n<p>[\/et_pb_text][et_pb_text _builder_version=\u00bb4.10.7&#8243; text_font=\u00bb|800|||||||\u00bb text_text_color=\u00bb#a77f88&#8243; text_font_size=\u00bb60px\u00bb text_line_height=\u00bb1.1em\u00bb custom_margin=\u00bb-1px||18px||false|false\u00bb custom_margin_tablet=\u00bb\u00bb custom_margin_phone=\u00bb-9px||||false|false\u00bb custom_margin_last_edited=\u00bbon|phone\u00bb custom_padding=\u00bb0px||||false|false\u00bb text_font_size_tablet=\u00bb40px\u00bb text_font_size_phone=\u00bb25px\u00bb text_font_size_last_edited=\u00bbon|desktop\u00bb text_orientation_tablet=\u00bbcenter\u00bb text_orientation_phone=\u00bbcenter\u00bb text_orientation_last_edited=\u00bbon|tablet\u00bb global_colors_info=\u00bb{}\u00bb]<\/p>\n<p>Nosotros lo hacemos por ti.<\/p>\n<p>[\/et_pb_text][et_pb_button button_url=\u00bb@ET-DC@eyJkeW5hbWljIjp0cnVlLCJjb250ZW50IjoicG9zdF9saW5rX3VybF9wYWdlIiwic2V0dGluZ3MiOnsicG9zdF9pZCI6IjExIn19@\u00bb button_text=\u00bbReserva tu cita\u00bb button_alignment_tablet=\u00bbcenter\u00bb button_alignment_phone=\u00bbcenter\u00bb button_alignment_last_edited=\u00bbon|tablet\u00bb _builder_version=\u00bb4.10.7&#8243; _dynamic_attributes=\u00bbbutton_url\u00bb custom_button=\u00bbon\u00bb button_text_color=\u00bb#ffffff\u00bb button_bg_color=\u00bb#a77f88&#8243; button_border_width=\u00bb0px\u00bb button_font=\u00bb|800|||||||\u00bb button_text_shadow_style=\u00bbpreset1&#8243; global_colors_info=\u00bb{}\u00bb][\/et_pb_button][\/et_pb_column][et_pb_column type=\u00bb1_2&#8243; _builder_version=\u00bb4.3.4&#8243; global_colors_info=\u00bb{}\u00bb][et_pb_gallery gallery_ids=\u00bb602&#8243; fullwidth=\u00bbon\u00bb _builder_version=\u00bb4.10.7&#8243; global_colors_info=\u00bb{}\u00bb][\/et_pb_gallery][\/et_pb_column][\/et_pb_row][\/et_pb_section][et_pb_section fb_built=\u00bb1&#8243; _builder_version=\u00bb4.3.4&#8243; custom_margin=\u00bb0px||0px||false|false\u00bb custom_padding=\u00bb0px||0px|||\u00bb global_colors_info=\u00bb{}\u00bb][et_pb_row column_structure=\u00bb1_2,1_2&#8243; make_equal=\u00bbon\u00bb _builder_version=\u00bb4.3.4&#8243; width=\u00bb100%\u00bb width_tablet=\u00bb85%\u00bb width_phone=\u00bb\u00bb width_last_edited=\u00bbon|tablet\u00bb max_width=\u00bb2269px\u00bb custom_margin=\u00bb0px||0px||false|false\u00bb custom_padding=\u00bb0px||0px||false|false\u00bb global_colors_info=\u00bb{}\u00bb][et_pb_column type=\u00bb1_2&#8243; _builder_version=\u00bb4.3.4&#8243; background_enable_image=\u00bboff\u00bb global_colors_info=\u00bb{}\u00bb][et_pb_image src=\u00bbhttps:\/\/peluqueriaguardamar.com\/wp-content\/uploads\/2020\/05\/web_fusion-09.png\u00bb disabled_on=\u00bbon|on|off\u00bb _builder_version=\u00bb4.3.4&#8243; global_colors_info=\u00bb{}\u00bb][\/et_pb_image][\/et_pb_column][et_pb_column type=\u00bb1_2&#8243; module_class=\u00bbds-vertical-align\u00bb _builder_version=\u00bb4.3.4&#8243; custom_padding=\u00bb|50px|||false|false\u00bb custom_padding_tablet=\u00bb|0px|||false|false\u00bb custom_padding_phone=\u00bb\u00bb custom_padding_last_edited=\u00bbon|phone\u00bb global_colors_info=\u00bb{}\u00bb][et_pb_text _builder_version=\u00bb4.3.4&#8243; text_font=\u00bb|800|||||||\u00bb text_text_color=\u00bb#000000&#8243; text_font_size=\u00bb50px\u00bb text_orientation=\u00bbcenter\u00bb custom_margin=\u00bb21px|||||\u00bb text_font_size_tablet=\u00bb40px\u00bb text_font_size_phone=\u00bb30px\u00bb text_font_size_last_edited=\u00bbon|desktop\u00bb global_colors_info=\u00bb{}\u00bb]<\/p>\n<p>Familia Fusi\u00f3n<\/p>\n<p>[\/et_pb_text][et_pb_text _builder_version=\u00bb4.10.7&#8243; text_text_color=\u00bb#a77f88&#8243; text_font_size=\u00bb40px\u00bb text_orientation=\u00bbcenter\u00bb text_font_size_tablet=\u00bb32px\u00bb text_font_size_phone=\u00bb25px\u00bb text_font_size_last_edited=\u00bbon|tablet\u00bb global_colors_info=\u00bb{}\u00bb]<\/p>\n<p>Ponemos pasi\u00f3n y arte<\/p>\n<p>[\/et_pb_text][et_pb_text _builder_version=\u00bb4.10.7&#8243; text_text_color=\u00bb#000000&#8243; text_orientation=\u00bbjustified\u00bb custom_padding=\u00bb||30px||false|false\u00bb border_width_bottom=\u00bb3px\u00bb border_color_bottom=\u00bb#a77f88&#8243; global_colors_info=\u00bb{}\u00bb]<\/p>\n<p>Para ti, un espacio familiar donde te sentir\u00e1s como en casa en cada visita, para nosotros, nuestra forma de demostrarte lo importante que eres.<\/p>\n<p>Desde hace m\u00e1s de 20 a\u00f1os, la familia de FUSI\u00d3N trabaja unida, asesorando y dedicando nuestro tiempo y conocimientos a ofrecerte un asesoramiento personalizado, as\u00ed como mimando cada rinc\u00f3n para que te sientas \u00fanic@.<\/p>\n<p>Nos inventamos cada d\u00eda por ti, con una consolidada estructura y una competencia t\u00e9cnica que solo t\u00fa mereces.<\/p>\n<p>[\/et_pb_text][\/et_pb_column][\/et_pb_row][\/et_pb_section][et_pb_section fb_built=\u00bb1&#8243; next_background_color=\u00bb#ffffff\u00bb _builder_version=\u00bb4.10.7&#8243; use_background_color_gradient=\u00bbon\u00bb background_color_gradient_start=\u00bb#a77f88&#8243; background_color_gradient_end=\u00bb#a77f88&#8243; background_color_gradient_overlays_image=\u00bbon\u00bb background_image=\u00bbhttps:\/\/peluqueriaguardamar.com\/wp-content\/uploads\/2020\/05\/web_fusion-16-1.png\u00bb custom_padding=\u00bb0px||104px|||\u00bb bottom_divider_style=\u00bbwave2&#8243; global_colors_info=\u00bb{}\u00bb][et_pb_row _builder_version=\u00bb4.3.4&#8243; global_colors_info=\u00bb{}\u00bb][et_pb_column type=\u00bb4_4&#8243; _builder_version=\u00bb4.3.4&#8243; global_colors_info=\u00bb{}\u00bb][et_pb_text _builder_version=\u00bb4.10.7&#8243; text_font=\u00bbRaleway|900|||||||\u00bb text_text_color=\u00bb#000000&#8243; text_font_size=\u00bb60px\u00bb text_orientation=\u00bbcenter\u00bb custom_margin=\u00bb21px|||||\u00bb text_font_size_tablet=\u00bb60px\u00bb text_font_size_phone=\u00bb50px\u00bb text_font_size_last_edited=\u00bbon|desktop\u00bb global_colors_info=\u00bb{}\u00bb]<\/p>\n<h2><strong>Descubre nuestros servicios de Peluquer\u00eda Profesional.<\/strong><\/h2>\n<p>[\/et_pb_text][\/et_pb_column][\/et_pb_row][et_pb_row column_structure=\u00bb1_3,1_3,1_3&#8243; _builder_version=\u00bb4.3.4&#8243; custom_padding=\u00bb24px||0px|||\u00bb global_colors_info=\u00bb{}\u00bb][et_pb_column type=\u00bb1_3&#8243; _builder_version=\u00bb4.3.4&#8243; global_colors_info=\u00bb{}\u00bb][et_pb_blurb title=\u00bbPELUQUER\u00cdA\u00bb image=\u00bbhttps:\/\/peluqueriaguardamar.com\/wp-content\/uploads\/2020\/05\/web_fusion-10.png\u00bb image_max_width=\u00bb30%\u00bb _builder_version=\u00bb4.3.4&#8243; header_font=\u00bbRaleway||||||||\u00bb header_text_align=\u00bbcenter\u00bb header_font_size=\u00bb20px\u00bb body_text_align=\u00bbcenter\u00bb global_colors_info=\u00bb{}\u00bb]<\/p>\n<p>Nos gusta mimarte y cuidar cada detalle en un ambiente siempre familiar, sin prisas y un trato cercano. Cada d\u00eda m\u00e1s cerca de ti y de tu familia.<\/p>\n<p>[\/et_pb_blurb][\/et_pb_column][et_pb_column type=\u00bb1_3&#8243; _builder_version=\u00bb4.3.4&#8243; global_colors_info=\u00bb{}\u00bb][et_pb_blurb title=\u00bbCORTE\u00bb image=\u00bbhttps:\/\/peluqueriaguardamar.com\/wp-content\/uploads\/2020\/05\/web_fusion-11.png\u00bb image_max_width=\u00bb30%\u00bb _builder_version=\u00bb4.3.4&#8243; header_font=\u00bbRaleway||||||||\u00bb header_text_align=\u00bbcenter\u00bb header_font_size=\u00bb20px\u00bb body_text_align=\u00bbcenter\u00bb global_colors_info=\u00bb{}\u00bb]<\/p>\n<p>La innovaci\u00f3n y el estudio personalizado consolida nuestra dedicaci\u00f3n.<\/p>\n<p>[\/et_pb_blurb][\/et_pb_column][et_pb_column type=\u00bb1_3&#8243; _builder_version=\u00bb4.3.4&#8243; global_colors_info=\u00bb{}\u00bb][et_pb_blurb title=\u00bbCOLOR Y TRATAMIENTOS\u00bb image=\u00bbhttps:\/\/peluqueriaguardamar.com\/wp-content\/uploads\/2020\/05\/web_fusion-12.png\u00bb image_max_width=\u00bb30%\u00bb _builder_version=\u00bb4.3.4&#8243; header_font=\u00bbRaleway||||||||\u00bb header_text_align=\u00bbcenter\u00bb header_font_size=\u00bb20px\u00bb body_text_align=\u00bbcenter\u00bb global_colors_info=\u00bb{}\u00bb]<\/p>\n<p>Conocemos la importancia de saber que quieres en cada momento. Te escuchamos.<\/p>\n<p>[\/et_pb_blurb][\/et_pb_column][\/et_pb_row][et_pb_row column_structure=\u00bb1_3,1_3,1_3&#8243; _builder_version=\u00bb4.3.4&#8243; global_colors_info=\u00bb{}\u00bb][et_pb_column type=\u00bb1_3&#8243; _builder_version=\u00bb4.3.4&#8243; global_colors_info=\u00bb{}\u00bb][et_pb_blurb title=\u00bbPEINADO Y TENDENCIAS\u00bb image=\u00bbhttps:\/\/peluqueriaguardamar.com\/wp-content\/uploads\/2020\/05\/web_fusion-15.png\u00bb image_max_width=\u00bb30%\u00bb _builder_version=\u00bb4.3.4&#8243; header_font=\u00bbRaleway||||||||\u00bb header_text_align=\u00bbcenter\u00bb header_font_size=\u00bb20px\u00bb body_text_align=\u00bbcenter\u00bb global_colors_info=\u00bb{}\u00bb]<\/p>\n<p>Compromiso y exclusividad. Te asesoramos en cada evento que tengas, no te dejamos a tu suerte en esos momentos especiales para ti.<\/p>\n<p>[\/et_pb_blurb][\/et_pb_column][et_pb_column type=\u00bb1_3&#8243; _builder_version=\u00bb4.3.4&#8243; global_colors_info=\u00bb{}\u00bb][et_pb_blurb title=\u00bbBELLEZA\u00bb image=\u00bbhttps:\/\/peluqueriaguardamar.com\/wp-content\/uploads\/2020\/05\/web_fusion-14.png\u00bb image_max_width=\u00bb30%\u00bb _builder_version=\u00bb4.3.4&#8243; header_font=\u00bbRaleway||||||||\u00bb header_text_align=\u00bbcenter\u00bb header_font_size=\u00bb20px\u00bb body_text_align=\u00bbcenter\u00bb global_colors_info=\u00bb{}\u00bb]<\/p>\n<p>Pasi\u00f3n, arte y buen gusto.<\/p>\n<p>[\/et_pb_blurb][\/et_pb_column][et_pb_column type=\u00bb1_3&#8243; _builder_version=\u00bb4.3.4&#8243; global_colors_info=\u00bb{}\u00bb][et_pb_blurb title=\u00bbBARBER\u00cdA\u00bb image=\u00bbhttps:\/\/peluqueriaguardamar.com\/wp-content\/uploads\/2020\/05\/web_fusion-13.png\u00bb image_max_width=\u00bb30%\u00bb _builder_version=\u00bb4.3.4&#8243; header_font=\u00bbRaleway||||||||\u00bb header_text_align=\u00bbcenter\u00bb header_font_size=\u00bb20px\u00bb body_text_align=\u00bbcenter\u00bb global_colors_info=\u00bb{}\u00bb]<\/p>\n<p>Cuidamos cada corte, con un trato 100% personalizado<\/p>\n<p>[\/et_pb_blurb][\/et_pb_column][\/et_pb_row][et_pb_row _builder_version=\u00bb4.3.4&#8243; custom_padding=\u00bb0px||0px|||\u00bb global_colors_info=\u00bb{}\u00bb][et_pb_column type=\u00bb4_4&#8243; _builder_version=\u00bb4.3.4&#8243; global_colors_info=\u00bb{}\u00bb][et_pb_button button_url=\u00bb@ET-DC@eyJkeW5hbWljIjp0cnVlLCJjb250ZW50IjoicG9zdF9saW5rX3VybF9wYWdlIiwic2V0dGluZ3MiOnsicG9zdF9pZCI6IjExIn19@\u00bb button_text=\u00bbReg\u00e1late un cambio de look\u00bb button_alignment=\u00bbcenter\u00bb disabled_on=\u00bboff|off|off\u00bb _builder_version=\u00bb4.10.7&#8243; _dynamic_attributes=\u00bbbutton_url\u00bb custom_button=\u00bbon\u00bb button_text_color=\u00bb#ffffff\u00bb button_bg_color=\u00bb#000000&#8243; button_border_width=\u00bb0px\u00bb button_font=\u00bb|800|||||||\u00bb button_text_shadow_style=\u00bbpreset1&#8243; global_colors_info=\u00bb{}\u00bb][\/et_pb_button][\/et_pb_column][\/et_pb_row][\/et_pb_section][et_pb_section fb_built=\u00bb1&#8243; _builder_version=\u00bb4.3.4&#8243; custom_padding=\u00bb0px||0px|||\u00bb global_colors_info=\u00bb{}\u00bb][et_pb_row column_structure=\u00bb1_2,1_2&#8243; make_equal=\u00bbon\u00bb _builder_version=\u00bb4.3.4&#8243; width=\u00bb90%\u00bb max_width=\u00bb1500px\u00bb global_colors_info=\u00bb{}\u00bb][et_pb_column type=\u00bb1_2&#8243; _builder_version=\u00bb4.3.4&#8243; global_colors_info=\u00bb{}\u00bb][et_pb_image src=\u00bbhttps:\/\/peluqueriaguardamar.com\/wp-content\/uploads\/2024\/10\/home2.png\u00bb title_text=\u00bbhome2&#8243; align=\u00bbcenter\u00bb _builder_version=\u00bb4.10.7&#8243; global_colors_info=\u00bb{}\u00bb][\/et_pb_image][\/et_pb_column][et_pb_column type=\u00bb1_2&#8243; module_class=\u00bbds-vertical-align\u00bb _builder_version=\u00bb4.3.4&#8243; global_colors_info=\u00bb{}\u00bb][et_pb_text _builder_version=\u00bb4.3.4&#8243; text_text_color=\u00bb#000000&#8243; text_font_size=\u00bb40px\u00bb text_orientation=\u00bbcenter\u00bb text_font_size_tablet=\u00bb32px\u00bb text_font_size_phone=\u00bb25px\u00bb text_font_size_last_edited=\u00bbon|phone\u00bb global_colors_info=\u00bb{}\u00bb]<\/p>\n<p>Sabemos lo que necesitas<\/p>\n<p>[\/et_pb_text][et_pb_text _builder_version=\u00bb4.10.7&#8243; text_font=\u00bbRaleway|900|||||||\u00bb text_text_color=\u00bb#a77f88&#8243; text_font_size=\u00bb50px\u00bb text_orientation=\u00bbcenter\u00bb custom_margin=\u00bb15px||||false|false\u00bb custom_padding=\u00bb9px||||false|false\u00bb hover_enabled=\u00bb0&#8243; text_font_size_tablet=\u00bb40px\u00bb text_font_size_phone=\u00bb30px\u00bb text_font_size_last_edited=\u00bbon|desktop\u00bb global_colors_info=\u00bb{}\u00bb sticky_enabled=\u00bb0&#8243;]<\/p>\n<p>Te mimaremos<\/p>\n<p>[\/et_pb_text][et_pb_text _builder_version=\u00bb4.3.4&#8243; text_text_color=\u00bb#000000&#8243; text_font_size=\u00bb20px\u00bb text_line_height=\u00bb1.5em\u00bb text_orientation=\u00bbcenter\u00bb custom_padding=\u00bb||30px||false|false\u00bb border_color_bottom=\u00bb#d6a046&#8243; global_colors_info=\u00bb{}\u00bb]<\/p>\n<p>&#8211; Pasi\u00f3n<br \/>&#8211; Compromiso<br \/>&#8211; Exclusividad<br \/>&#8211; Buen rollo<br \/>&#8211; Arte<br \/>&#8211; Trato cercano<br \/>&#8211; Confianza<br \/>&#8211; Belleza<br \/>&#8211; Trato 100% personalizado<\/p>\n<p>[\/et_pb_text][\/et_pb_column][\/et_pb_row][et_pb_row _builder_version=\u00bb4.10.7&#8243; _module_preset=\u00bbdefault\u00bb global_colors_info=\u00bb{}\u00bb][et_pb_column type=\u00bb4_4&#8243; _builder_version=\u00bb4.10.7&#8243; _module_preset=\u00bbdefault\u00bb global_colors_info=\u00bb{}\u00bb][et_pb_image src=\u00bbhttps:\/\/peluqueriaguardamar.com\/wp-content\/uploads\/2024\/02\/logoskit.png\u00bb admin_label=\u00bbImagen\u00bb _builder_version=\u00bb4.10.7&#8243; _module_preset=\u00bbdefault\u00bb global_colors_info=\u00bb{}\u00bb][\/et_pb_image][\/et_pb_column][\/et_pb_row][\/et_pb_section][et_pb_section fb_built=\u00bb1&#8243; prev_background_color=\u00bb#ffffff\u00bb _builder_version=\u00bb4.3.4&#8243; use_background_color_gradient=\u00bbon\u00bb background_color_gradient_start=\u00bb#3a3a3a\u00bb background_color_gradient_end=\u00bb#000000&#8243; custom_padding=\u00bb109px||0px|||\u00bb top_divider_style=\u00bbwave2&#8243; global_colors_info=\u00bb{}\u00bb][et_pb_row column_structure=\u00bb1_2,1_2&#8243; _builder_version=\u00bb4.3.4&#8243; global_colors_info=\u00bb{}\u00bb][et_pb_column type=\u00bb1_2&#8243; _builder_version=\u00bb4.3.4&#8243; global_colors_info=\u00bb{}\u00bb][et_pb_image src=\u00bbhttps:\/\/peluqueriaguardamar.com\/wp-content\/uploads\/2024\/10\/logo-150&#215;150.png\u00bb title_text=\u00bblogo\u00bb align=\u00bbcenter\u00bb _builder_version=\u00bb4.10.7&#8243; width=\u00bb55%\u00bb global_colors_info=\u00bb{}\u00bb][\/et_pb_image][\/et_pb_column][et_pb_column type=\u00bb1_2&#8243; _builder_version=\u00bb4.3.4&#8243; global_colors_info=\u00bb{}\u00bb][et_pb_text _builder_version=\u00bb4.3.4&#8243; text_text_color=\u00bb#ffffff\u00bb text_font_size=\u00bb40px\u00bb text_orientation=\u00bbcenter\u00bb custom_margin=\u00bb||4px|||\u00bb text_font_size_tablet=\u00bb35px\u00bb text_font_size_phone=\u00bb25px\u00bb text_font_size_last_edited=\u00bbon|phone\u00bb global_colors_info=\u00bb{}\u00bb]<\/p>\n<p>\u00a1BIENVENIDOS!<\/p>\n<p>[\/et_pb_text][et_pb_text _builder_version=\u00bb4.10.7&#8243; text_font=\u00bbRaleway|900|||||||\u00bb text_text_color=\u00bb#a77f88&#8243; text_font_size=\u00bb50px\u00bb text_line_height=\u00bb1.5em\u00bb text_orientation=\u00bbcenter\u00bb custom_margin=\u00bb0px||||false|false\u00bb custom_padding=\u00bb9px||||false|false\u00bb hover_enabled=\u00bb0&#8243; text_font_size_tablet=\u00bb40px\u00bb text_font_size_phone=\u00bb25px\u00bb text_font_size_last_edited=\u00bbon|desktop\u00bb global_colors_info=\u00bb{}\u00bb sticky_enabled=\u00bb0&#8243;]<\/p>\n<p>A nuestra familia<\/p>\n<p>[\/et_pb_text][\/et_pb_column][\/et_pb_row][\/et_pb_section]<\/p>","protected":false},"excerpt":{"rendered":"<p>Reserva tu Cita en la Mejor Peluquer\u00eda de Alicante No te cortes,Nosotros lo hacemos por ti.Familia Fusi\u00f3nPonemos pasi\u00f3n y artePara ti, un espacio familiar donde te sentir\u00e1s como en casa en cada visita, para nosotros, nuestra forma de demostrarte lo importante que eres. Desde hace m\u00e1s de 20 a\u00f1os, la familia de FUSI\u00d3N trabaja unida, [&hellip;]<\/p>","protected":false},"author":1,"featured_media":0,"parent":0,"menu_order":0,"comment_status":"closed","ping_status":"closed","template":"","meta":{"_et_pb_use_builder":"on","_et_pb_old_content":"<!-- wp:divi\/placeholder \/-->","_et_gb_content_width":"","om_disable_all_campaigns":false,"_joinchat":[],"footnotes":""},"class_list":["post-5","page","type-page","status-publish","hentry"],"aioseo_notices":[],"_links":{"self":[{"href":"https:\/\/peluqueriaguardamar.com\/en\/wp-json\/wp\/v2\/pages\/5","targetHints":{"allow":["GET"]}}],"collection":[{"href":"https:\/\/peluqueriaguardamar.com\/en\/wp-json\/wp\/v2\/pages"}],"about":[{"href":"https:\/\/peluqueriaguardamar.com\/en\/wp-json\/wp\/v2\/types\/page"}],"author":[{"embeddable":true,"href":"https:\/\/peluqueriaguardamar.com\/en\/wp-json\/wp\/v2\/users\/1"}],"replies":[{"embeddable":true,"href":"https:\/\/peluqueriaguardamar.com\/en\/wp-json\/wp\/v2\/comments?post=5"}],"version-history":[{"count":42,"href":"https:\/\/peluqueriaguardamar.com\/en\/wp-json\/wp\/v2\/pages\/5\/revisions"}],"predecessor-version":[{"id":630,"href":"https:\/\/peluqueriaguardamar.com\/en\/wp-json\/wp\/v2\/pages\/5\/revisions\/630"}],"wp:attachment":[{"href":"https:\/\/peluqueriaguardamar.com\/en\/wp-json\/wp\/v2\/media?parent=5"}],"curies":[{"name":"wp","href":"https:\/\/api.w.org\/{rel}","templated":true}]}}