{"id":9,"date":"2020-05-11T15:58:19","date_gmt":"2020-05-11T15:58:19","guid":{"rendered":"https:\/\/peluqueriaguardamar.com\/?page_id=9"},"modified":"2025-09-17T16:49:36","modified_gmt":"2025-09-17T14:49:36","slug":"nosotros","status":"publish","type":"page","link":"https:\/\/peluqueriaguardamar.com\/en\/nosotros\/","title":{"rendered":"NOSOTROS"},"content":{"rendered":"<p>[et_pb_section fb_built=\u00bb1&#8243; custom_padding_last_edited=\u00bbon|phone\u00bb next_background_color=\u00bb#a77f88&#8243; _builder_version=\u00bb4.3.4&#8243; custom_margin=\u00bb0px||0px||false|false\u00bb custom_padding=\u00bb0px||0px|||\u00bb custom_padding_tablet=\u00bb\u00bb custom_padding_phone=\u00bb||78px||false|false\u00bb bottom_divider_style=\u00bbwave2&#8243; bottom_divider_arrangement=\u00bbabove_content\u00bb global_colors_info=\u00bb{}\u00bb][et_pb_row column_structure=\u00bb1_2,1_2&#8243; make_equal=\u00bbon\u00bb _builder_version=\u00bb4.3.4&#8243; width=\u00bb100%\u00bb width_tablet=\u00bb85%\u00bb width_phone=\u00bb\u00bb width_last_edited=\u00bbon|tablet\u00bb max_width=\u00bb1500px\u00bb custom_margin=\u00bb0px||0px||false|false\u00bb custom_padding=\u00bb0px||24px||false|false\u00bb global_colors_info=\u00bb{}\u00bb][et_pb_column type=\u00bb1_2&#8243; _builder_version=\u00bb4.3.4&#8243; background_enable_image=\u00bboff\u00bb global_colors_info=\u00bb{}\u00bb][et_pb_image src=\u00bbhttps:\/\/peluqueriaguardamar.com\/wp-content\/uploads\/2024\/10\/equipoimg-1.png\u00bb title_text=\u00bbequipoimg\u00bb disabled_on=\u00bbon|on|off\u00bb _builder_version=\u00bb4.10.7&#8243; global_colors_info=\u00bb{}\u00bb][\/et_pb_image][\/et_pb_column][et_pb_column type=\u00bb1_2&#8243; module_class=\u00bbds-vertical-align\u00bb _builder_version=\u00bb4.3.4&#8243; custom_padding=\u00bb|50px|||false|false\u00bb custom_padding_tablet=\u00bb|0px|||false|false\u00bb custom_padding_phone=\u00bb\u00bb custom_padding_last_edited=\u00bbon|phone\u00bb global_colors_info=\u00bb{}\u00bb][et_pb_text _builder_version=\u00bb4.3.4&#8243; text_font=\u00bb|800|||||||\u00bb text_text_color=\u00bb#000000&#8243; text_font_size=\u00bb50px\u00bb text_orientation=\u00bbcenter\u00bb custom_margin=\u00bb21px|||||\u00bb text_font_size_tablet=\u00bb40px\u00bb text_font_size_phone=\u00bb30px\u00bb text_font_size_last_edited=\u00bbon|phone\u00bb global_colors_info=\u00bb{}\u00bb]<\/p>\n<p>Si\u00e9ntete<\/p>\n<p>[\/et_pb_text][et_pb_text _builder_version=\u00bb4.10.7&#8243; text_text_color=\u00bb#a77f88&#8243; text_font_size=\u00bb40px\u00bb text_orientation=\u00bbcenter\u00bb text_font_size_tablet=\u00bb32px\u00bb text_font_size_phone=\u00bb25px\u00bb text_font_size_last_edited=\u00bbon|tablet\u00bb global_colors_info=\u00bb{}\u00bb]<\/p>\n<p>m\u00e1s cerca de nosotros<\/p>\n<p>[\/et_pb_text][et_pb_text _builder_version=\u00bb4.3.4&#8243; text_text_color=\u00bb#000000&#8243; text_orientation=\u00bbjustified\u00bb custom_padding=\u00bb||30px||false|false\u00bb border_color_bottom=\u00bb#d6a046&#8243; global_colors_info=\u00bb{}\u00bb]<\/p>\n<p>Amantes del arte y del buen gusto, apostamos siempre por el trato familiar y cercano, as\u00ed nos gusta trabajar y mimarte.<\/p>\n<p>Hace m\u00e1s de 20 a\u00f1os que apostamos por esta forma de vida, ofreciendo bienestar y belleza; pasi\u00f3n y trato personalizado es nuestro sello y lo que nos diferencia del resto.<\/p>\n<p>[\/et_pb_text][\/et_pb_column][\/et_pb_row][\/et_pb_section][et_pb_section fb_built=\u00bb1&#8243; _builder_version=\u00bb4.10.7&#8243; background_color=\u00bb#a77f88&#8243; custom_padding=\u00bb0px|||||\u00bb global_colors_info=\u00bb{}\u00bb][et_pb_row column_structure=\u00bb1_4,1_4,1_4,1_4&#8243; use_custom_gutter=\u00bbon\u00bb gutter_width=\u00bb2&#8243; _builder_version=\u00bb4.3.4&#8243; width=\u00bb90%\u00bb max_width=\u00bb2560px\u00bb global_colors_info=\u00bb{}\u00bb][et_pb_column type=\u00bb1_4&#8243; _builder_version=\u00bb4.3.4&#8243; global_colors_info=\u00bb{}\u00bb][et_pb_image src=\u00bbhttps:\/\/peluqueriaguardamar.com\/wp-content\/uploads\/2024\/10\/entrada.png\u00bb title_text=\u00bbentrada\u00bb align=\u00bbcenter\u00bb admin_label=\u00bbImagen\u00bb _builder_version=\u00bb4.10.7&#8243; border_width_all=\u00bb4px\u00bb border_color_all=\u00bb#ffffff\u00bb box_shadow_style=\u00bbpreset1&#8243; global_colors_info=\u00bb{}\u00bb][\/et_pb_image][\/et_pb_column][et_pb_column type=\u00bb1_4&#8243; _builder_version=\u00bb4.3.4&#8243; global_colors_info=\u00bb{}\u00bb][et_pb_image src=\u00bbhttps:\/\/peluqueriaguardamar.com\/wp-content\/uploads\/2020\/11\/fusion-05.png\u00bb align=\u00bbcenter\u00bb _builder_version=\u00bb4.3.4&#8243; border_width_all=\u00bb4px\u00bb border_color_all=\u00bb#ffffff\u00bb box_shadow_style=\u00bbpreset1&#8243; global_colors_info=\u00bb{}\u00bb][\/et_pb_image][\/et_pb_column][et_pb_column type=\u00bb1_4&#8243; _builder_version=\u00bb4.3.4&#8243; global_colors_info=\u00bb{}\u00bb][et_pb_image src=\u00bbhttps:\/\/peluqueriaguardamar.com\/wp-content\/uploads\/2020\/11\/fusion-02-1.png\u00bb align=\u00bbcenter\u00bb _builder_version=\u00bb4.3.4&#8243; border_width_all=\u00bb4px\u00bb border_color_all=\u00bb#ffffff\u00bb box_shadow_style=\u00bbpreset1&#8243; global_colors_info=\u00bb{}\u00bb][\/et_pb_image][\/et_pb_column][et_pb_column type=\u00bb1_4&#8243; _builder_version=\u00bb4.3.4&#8243; global_colors_info=\u00bb{}\u00bb][et_pb_image src=\u00bbhttps:\/\/peluqueriaguardamar.com\/wp-content\/uploads\/2020\/11\/fusion-06.png\u00bb align=\u00bbcenter\u00bb _builder_version=\u00bb4.3.4&#8243; border_width_all=\u00bb4px\u00bb border_color_all=\u00bb#ffffff\u00bb box_shadow_style=\u00bbpreset1&#8243; global_colors_info=\u00bb{}\u00bb][\/et_pb_image][\/et_pb_column][\/et_pb_row][\/et_pb_section][et_pb_section fb_built=\u00bb1&#8243; _builder_version=\u00bb4.3.4&#8243; custom_padding=\u00bb0px||0px|||\u00bb global_colors_info=\u00bb{}\u00bb][et_pb_row column_structure=\u00bb1_2,1_2&#8243; make_equal=\u00bbon\u00bb _builder_version=\u00bb4.3.4&#8243; width=\u00bb90%\u00bb max_width=\u00bb1500px\u00bb global_colors_info=\u00bb{}\u00bb][et_pb_column type=\u00bb1_2&#8243; module_class=\u00bbds-vertical-align\u00bb _builder_version=\u00bb4.3.4&#8243; global_colors_info=\u00bb{}\u00bb][et_pb_text _builder_version=\u00bb4.3.4&#8243; text_font=\u00bb|800|||||||\u00bb text_text_color=\u00bb#000000&#8243; text_font_size=\u00bb50px\u00bb text_orientation=\u00bbcenter\u00bb custom_margin=\u00bb15px||||false|false\u00bb custom_padding=\u00bb9px||||false|false\u00bb text_font_size_tablet=\u00bb40px\u00bb text_font_size_phone=\u00bb30px\u00bb text_font_size_last_edited=\u00bbon|phone\u00bb global_colors_info=\u00bb{}\u00bb]<\/p>\n<p>Nos apasiona<\/p>\n<p>[\/et_pb_text][et_pb_text _builder_version=\u00bb4.10.7&#8243; text_text_color=\u00bb#a77f88&#8243; text_font_size=\u00bb40px\u00bb text_orientation=\u00bbcenter\u00bb text_font_size_tablet=\u00bb32px\u00bb text_font_size_phone=\u00bb25px\u00bb text_font_size_last_edited=\u00bbon|phone\u00bb global_colors_info=\u00bb{}\u00bb]<\/p>\n<p>nuestro trabajo<\/p>\n<p>[\/et_pb_text][et_pb_text _builder_version=\u00bb4.3.4&#8243; text_text_color=\u00bb#000000&#8243; text_font_size=\u00bb20px\u00bb text_line_height=\u00bb1.5em\u00bb text_orientation=\u00bbcenter\u00bb custom_padding=\u00bb||4px||false|false\u00bb border_color_bottom=\u00bb#d6a046&#8243; global_colors_info=\u00bb{}\u00bb]<\/p>\n<p>Es lo primero que sentir\u00e1s cuando contactes con nosotros.<\/p>\n<p>[\/et_pb_text][et_pb_text _builder_version=\u00bb4.3.4&#8243; text_text_color=\u00bb#000000&#8243; text_orientation=\u00bbjustified\u00bb custom_padding=\u00bb||30px||false|false\u00bb border_color_bottom=\u00bb#d6a046&#8243; global_colors_info=\u00bb{}\u00bb]<\/p>\n<p>Encontrar\u00e1s la confianza que est\u00e1s buscando, te informaremos de las nuevas tendencias y te asesoraremos para cada evento o look diario.<br \/>Un entorno muy amigable para los ni\u00f1os donde ellos tambi\u00e9n encontrar\u00e1n una diversi\u00f3n ir a la peluquer\u00eda.<\/p>\n<p>[\/et_pb_text][et_pb_button button_url=\u00bb@ET-DC@eyJkeW5hbWljIjp0cnVlLCJjb250ZW50IjoicG9zdF9saW5rX3VybF9wYWdlIiwic2V0dGluZ3MiOnsicG9zdF9pZCI6IjEyMSJ9fQ==@\u00bb button_text=\u00bbQuiero mi cita\u00bb button_alignment=\u00bbcenter\u00bb disabled_on=\u00bbon|on|on\u00bb _builder_version=\u00bb4.3.4&#8243; _dynamic_attributes=\u00bbbutton_url\u00bb custom_button=\u00bbon\u00bb button_text_color=\u00bb#ffffff\u00bb button_bg_color=\u00bb#000000&#8243; button_border_width=\u00bb0px\u00bb button_font=\u00bb|800|||||||\u00bb disabled=\u00bbon\u00bb global_colors_info=\u00bb{}\u00bb][\/et_pb_button][\/et_pb_column][et_pb_column type=\u00bb1_2&#8243; module_class=\u00bbds-vertical-align\u00bb _builder_version=\u00bb4.3.4&#8243; global_colors_info=\u00bb{}\u00bb][et_pb_image src=\u00bbhttps:\/\/peluqueriaguardamar.com\/wp-content\/uploads\/2024\/10\/nosotros.png\u00bb title_text=\u00bbnosotros\u00bb align=\u00bbcenter\u00bb _builder_version=\u00bb4.10.7&#8243; global_colors_info=\u00bb{}\u00bb][\/et_pb_image][\/et_pb_column][\/et_pb_row][\/et_pb_section][et_pb_section fb_built=\u00bb1&#8243; _builder_version=\u00bb4.10.7&#8243; background_color=\u00bb#a77f88&#8243; custom_padding=\u00bb37px|||||\u00bb global_colors_info=\u00bb{}\u00bb][et_pb_row column_structure=\u00bb1_5,1_5,1_5,1_5,1_5&#8243; use_custom_gutter=\u00bbon\u00bb gutter_width=\u00bb2&#8243; admin_label=\u00bbFila\u00bb _builder_version=\u00bb4.10.7&#8243; width=\u00bb90%\u00bb max_width=\u00bb2560px\u00bb global_colors_info=\u00bb{}\u00bb][et_pb_column type=\u00bb1_5&#8243; _builder_version=\u00bb4.3.4&#8243; global_colors_info=\u00bb{}\u00bb][et_pb_image src=\u00bbhttps:\/\/peluqueriaguardamar.com\/wp-content\/uploads\/2024\/08\/yoli.jpg\u00bb title_text=\u00bbyoli\u00bb align=\u00bbcenter\u00bb _builder_version=\u00bb4.10.7&#8243; border_width_all=\u00bb4px\u00bb border_color_all=\u00bb#ffffff\u00bb box_shadow_style=\u00bbpreset1&#8243; global_colors_info=\u00bb{}\u00bb][\/et_pb_image][\/et_pb_column][et_pb_column type=\u00bb1_5&#8243; _builder_version=\u00bb4.3.4&#8243; global_colors_info=\u00bb{}\u00bb][et_pb_image src=\u00bbhttps:\/\/peluqueriaguardamar.com\/wp-content\/uploads\/2024\/08\/mada.jpg\u00bb title_text=\u00bbmada\u00bb align=\u00bbcenter\u00bb _builder_version=\u00bb4.10.7&#8243; border_width_all=\u00bb4px\u00bb border_color_all=\u00bb#ffffff\u00bb box_shadow_style=\u00bbpreset1&#8243; global_colors_info=\u00bb{}\u00bb][\/et_pb_image][\/et_pb_column][et_pb_column type=\u00bb1_5&#8243; _builder_version=\u00bb4.3.4&#8243; global_colors_info=\u00bb{}\u00bb][et_pb_image src=\u00bbhttps:\/\/peluqueriaguardamar.com\/wp-content\/uploads\/2024\/10\/edu.png\u00bb title_text=\u00bbedu\u00bb align=\u00bbcenter\u00bb _builder_version=\u00bb4.10.7&#8243; border_width_all=\u00bb4px\u00bb border_color_all=\u00bb#ffffff\u00bb box_shadow_style=\u00bbpreset1&#8243; global_colors_info=\u00bb{}\u00bb][\/et_pb_image][\/et_pb_column][et_pb_column type=\u00bb1_5&#8243; _builder_version=\u00bb4.3.4&#8243; global_colors_info=\u00bb{}\u00bb][et_pb_image src=\u00bbhttps:\/\/peluqueriaguardamar.com\/wp-content\/uploads\/2025\/09\/antonio.png\u00bb title_text=\u00bbantonio\u00bb align=\u00bbcenter\u00bb disabled_on=\u00bbon|off|off\u00bb _builder_version=\u00bb4.10.7&#8243; hover_enabled=\u00bb0&#8243; border_width_all=\u00bb4px\u00bb border_color_all=\u00bb#ffffff\u00bb box_shadow_style=\u00bbpreset1&#8243; global_colors_info=\u00bb{}\u00bb sticky_enabled=\u00bb0&#8243;][\/et_pb_image][\/et_pb_column][et_pb_column type=\u00bb1_5&#8243; _builder_version=\u00bb4.3.4&#8243; global_colors_info=\u00bb{}\u00bb][et_pb_image src=\u00bbhttps:\/\/peluqueriaguardamar.com\/wp-content\/uploads\/2025\/09\/anaclara.png\u00bb title_text=\u00bbanaclara\u00bb align=\u00bbcenter\u00bb disabled_on=\u00bbon|off|off\u00bb _builder_version=\u00bb4.10.7&#8243; hover_enabled=\u00bb0&#8243; border_width_all=\u00bb4px\u00bb border_color_all=\u00bb#ffffff\u00bb box_shadow_style=\u00bbpreset1&#8243; global_colors_info=\u00bb{}\u00bb sticky_enabled=\u00bb0&#8243;][\/et_pb_image][\/et_pb_column][\/et_pb_row][\/et_pb_section][et_pb_section fb_built=\u00bb1&#8243; _builder_version=\u00bb4.10.7&#8243; use_background_color_gradient=\u00bbon\u00bb background_color_gradient_start=\u00bb#3a3a3a\u00bb background_color_gradient_end=\u00bb#000000&#8243; custom_padding=\u00bb109px||0px|||\u00bb top_divider_style=\u00bbwave2&#8243; top_divider_color=\u00bb#a77f88&#8243; global_colors_info=\u00bb{}\u00bb][et_pb_row column_structure=\u00bb1_2,1_2&#8243; _builder_version=\u00bb4.3.4&#8243; global_colors_info=\u00bb{}\u00bb][et_pb_column type=\u00bb1_2&#8243; _builder_version=\u00bb4.3.4&#8243; global_colors_info=\u00bb{}\u00bb][et_pb_image src=\u00bbhttps:\/\/peluqueriaguardamar.com\/wp-content\/uploads\/2024\/10\/logo-150&#215;150.png\u00bb title_text=\u00bblogo\u00bb align=\u00bbcenter\u00bb _builder_version=\u00bb4.10.7&#8243; width=\u00bb55%\u00bb global_colors_info=\u00bb{}\u00bb][\/et_pb_image][\/et_pb_column][et_pb_column type=\u00bb1_2&#8243; _builder_version=\u00bb4.3.4&#8243; global_colors_info=\u00bb{}\u00bb][et_pb_text _builder_version=\u00bb4.3.4&#8243; text_text_color=\u00bb#ffffff\u00bb text_font_size=\u00bb40px\u00bb text_orientation=\u00bbcenter\u00bb text_font_size_tablet=\u00bb35px\u00bb text_font_size_phone=\u00bb25px\u00bb text_font_size_last_edited=\u00bbon|phone\u00bb global_colors_info=\u00bb{}\u00bb]<\/p>\n<p>\u00a1BIENVENIDOS!<\/p>\n<p>[\/et_pb_text][et_pb_text _builder_version=\u00bb4.10.7&#8243; text_font=\u00bb|800|||||||\u00bb text_text_color=\u00bb#a77f88&#8243; text_font_size=\u00bb50px\u00bb text_orientation=\u00bbcenter\u00bb custom_margin=\u00bb34px||||false|false\u00bb custom_padding=\u00bb9px||||false|false\u00bb text_font_size_tablet=\u00bb40px\u00bb text_font_size_phone=\u00bb30px\u00bb text_font_size_last_edited=\u00bbon|phone\u00bb global_colors_info=\u00bb{}\u00bb]<\/p>\n<p>A nuestra familia<\/p>\n<p>[\/et_pb_text][\/et_pb_column][\/et_pb_row][\/et_pb_section]<\/p>","protected":false},"excerpt":{"rendered":"<p>Si\u00e9ntetem\u00e1s cerca de nosotrosAmantes del arte y del buen gusto, apostamos siempre por el trato familiar y cercano, as\u00ed nos gusta trabajar y mimarte. Hace m\u00e1s de 20 a\u00f1os que apostamos por esta forma de vida, ofreciendo bienestar y belleza; pasi\u00f3n y trato personalizado es nuestro sello y lo que nos diferencia del resto.Nos apasionanuestro [&hellip;]<\/p>","protected":false},"author":1,"featured_media":0,"parent":0,"menu_order":0,"comment_status":"closed","ping_status":"closed","template":"","meta":{"_et_pb_use_builder":"on","_et_pb_old_content":"","_et_gb_content_width":"","om_disable_all_campaigns":false,"_joinchat":[],"footnotes":""},"class_list":["post-9","page","type-page","status-publish","hentry"],"aioseo_notices":[],"_links":{"self":[{"href":"https:\/\/peluqueriaguardamar.com\/en\/wp-json\/wp\/v2\/pages\/9","targetHints":{"allow":["GET"]}}],"collection":[{"href":"https:\/\/peluqueriaguardamar.com\/en\/wp-json\/wp\/v2\/pages"}],"about":[{"href":"https:\/\/peluqueriaguardamar.com\/en\/wp-json\/wp\/v2\/types\/page"}],"author":[{"embeddable":true,"href":"https:\/\/peluqueriaguardamar.com\/en\/wp-json\/wp\/v2\/users\/1"}],"replies":[{"embeddable":true,"href":"https:\/\/peluqueriaguardamar.com\/en\/wp-json\/wp\/v2\/comments?post=9"}],"version-history":[{"count":28,"href":"https:\/\/peluqueriaguardamar.com\/en\/wp-json\/wp\/v2\/pages\/9\/revisions"}],"predecessor-version":[{"id":1214,"href":"https:\/\/peluqueriaguardamar.com\/en\/wp-json\/wp\/v2\/pages\/9\/revisions\/1214"}],"wp:attachment":[{"href":"https:\/\/peluqueriaguardamar.com\/en\/wp-json\/wp\/v2\/media?parent=9"}],"curies":[{"name":"wp","href":"https:\/\/api.w.org\/{rel}","templated":true}]}}